{"id":9,"date":"2024-03-14T10:25:29","date_gmt":"2024-03-14T09:25:29","guid":{"rendered":"https:\/\/the-miami-club.de\/wp\/?page_id=9"},"modified":"2025-12-22T11:17:54","modified_gmt":"2025-12-22T10:17:54","slug":"home-the-miami-club","status":"publish","type":"page","link":"https:\/\/the-miami-club.de\/wp\/","title":{"rendered":"Home &#8211; The Miami Club &#8211;"},"content":{"rendered":"\n<figure class=\"wp-block-image alignfull size-large\"><img fetchpriority=\"high\" decoding=\"async\" width=\"1024\" height=\"1024\" src=\"https:\/\/the-miami-club.de\/wp\/wp-content\/uploads\/2024\/12\/4110_AP-1024x1024.jpg\" alt=\"\" class=\"wp-image-28\" srcset=\"https:\/\/the-miami-club.de\/wp\/wp-content\/uploads\/2024\/12\/4110_AP-1024x1024.jpg 1024w, https:\/\/the-miami-club.de\/wp\/wp-content\/uploads\/2024\/12\/4110_AP-300x300.jpg 300w, https:\/\/the-miami-club.de\/wp\/wp-content\/uploads\/2024\/12\/4110_AP-150x150.jpg 150w, https:\/\/the-miami-club.de\/wp\/wp-content\/uploads\/2024\/12\/4110_AP-768x768.jpg 768w, https:\/\/the-miami-club.de\/wp\/wp-content\/uploads\/2024\/12\/4110_AP-1536x1536.jpg 1536w, https:\/\/the-miami-club.de\/wp\/wp-content\/uploads\/2024\/12\/4110_AP-2048x2048.jpg 2048w, https:\/\/the-miami-club.de\/wp\/wp-content\/uploads\/2024\/12\/4110_AP-600x600.jpg 600w\" sizes=\"(max-width: 1024px) 100vw, 1024px\" \/><\/figure>\n\n\n\n<div style=\"background-image:url(&apos;https:\/\/the-miami-club.de\/wp\/wp-content\/uploads\/2025\/12\/crowd-7896788_8-scaled-1.jpg&apos;);background-size:cover;\" class=\"wp-block-group alignfull has-global-padding is-layout-constrained wp-block-group-is-layout-constrained has-background\">\n<h2 class=\"wp-block-heading has-text-align-center has-dolce-vita-font-family\">Forever Young?<br>Yes, please!<\/h2>\n\n\n\n<p class=\"has-text-align-center has-manrope-font-family\">Willkommen zu \u201eThe Miami Club\u201c<\/p>\n\n\n\n<pre class=\"wp-block-verse has-text-align-center has-manrope-font-family\">Mal wieder Lust auf Neon, Schulterpolster und unvergessliche Ohrw\u00fcrmer?<br>Unsere 80er Jahre Liveband bringt den ultimativen Flashback direkt auf Ihre B\u00fchne!<br>Mit einem Repertoire aus den gr\u00f6\u00dften Hits von:<br>Depeche Mode, A-Ha, Madonna, Alphaville, Cindy Lauper und vielen mehr sorgen wir f\u00fcr ein authentisches 80er-Feeling - komplett live, mit echten Instrumenten, mehrstimmigem Gesang und einer Show, die das Publikum zur\u00fcck in die geilste Zeit der Musikgeschichte katapultiert!<br><br>The Miami Club - Energiegeladene Interpretationen, grooviges Entertainment mit schwei\u00dftreibender Tanzgarantie !<br><br>(Ob Firmenevent, Stadtfest, Festival oder private Feier - wir liefern nicht nur den Soundtrack, sondern auch die Show)<br><br><\/pre>\n<\/div>\n\n\n\n<div class=\"wp-block-group alignfull has-global-padding is-layout-constrained wp-block-group-is-layout-constrained has-background\" style=\"padding-top:var(--wp--preset--spacing--40);padding-bottom:var(--wp--preset--spacing--40);background-image:url(&apos;https:\/\/the-miami-club.de\/wp\/wp-content\/uploads\/2025\/12\/concert-2616946_1920_transparent_4.jpg&apos;);background-position:50% 75%;background-size:cover;\">\n<h2 class=\"wp-block-heading has-text-align-center has-dolce-vita-font-family\">H\u00f6rproben<\/h2>\n\n\n<div id=\"audioigniter-294\" class=\"audioigniter-root \" data-player-type=\"full\" data-tracks-url=\"https:\/\/the-miami-club.de\/wp\/?audioigniter_playlist_id=294\" data-display-track-no=\"true\" data-reverse-track-order=\"false\" data-display-tracklist-covers=\"true\" data-display-active-cover=\"true\" data-display-artist-names=\"true\" data-display-buy-buttons=\"true\" data-buy-buttons-target=\"true\" data-cycle-tracks=\"false\" data-display-credits=\"false\" data-display-tracklist=\"true\" data-allow-tracklist-toggle=\"true\" data-allow-tracklist-loop=\"true\" data-limit-tracklist-height=\"true\" data-volume=\"100\" data-tracklist-height=\"125\" ><\/div>\n<\/div>\n\n\n\n<div class=\"wp-block-group alignfull has-global-padding is-layout-constrained wp-block-group-is-layout-constrained has-background\" style=\"padding-top:var(--wp--preset--spacing--40);padding-bottom:var(--wp--preset--spacing--40);background-image:url(&apos;https:\/\/the-miami-club.de\/wp\/wp-content\/uploads\/2025\/01\/concert-2616946_1920_transparent_4.jpg&apos;);background-position:50% 80%;background-size:cover;\">\n<h2 class=\"wp-block-heading has-text-align-center has-dolce-vita-font-family\">The Miami Club sind <\/h2>\n\n\n\n<div class=\"wp-block-group is-nowrap is-layout-flex wp-container-core-group-is-layout-6c531013 wp-block-group-is-layout-flex\">\n<div class=\"wp-block-group is-nowrap is-layout-flex wp-container-core-group-is-layout-6c531013 wp-block-group-is-layout-flex\">\n<figure class=\"wp-block-image size-large\"><img decoding=\"async\" width=\"683\" height=\"1024\" src=\"https:\/\/the-miami-club.de\/wp\/wp-content\/uploads\/2025\/01\/240420_12h_12__MG_3624-683x1024.jpg\" alt=\"\" class=\"wp-image-133\" srcset=\"https:\/\/the-miami-club.de\/wp\/wp-content\/uploads\/2025\/01\/240420_12h_12__MG_3624-683x1024.jpg 683w, https:\/\/the-miami-club.de\/wp\/wp-content\/uploads\/2025\/01\/240420_12h_12__MG_3624-200x300.jpg 200w, https:\/\/the-miami-club.de\/wp\/wp-content\/uploads\/2025\/01\/240420_12h_12__MG_3624-768x1152.jpg 768w, https:\/\/the-miami-club.de\/wp\/wp-content\/uploads\/2025\/01\/240420_12h_12__MG_3624-1024x1536.jpg 1024w, https:\/\/the-miami-club.de\/wp\/wp-content\/uploads\/2025\/01\/240420_12h_12__MG_3624-1366x2048.jpg 1366w, https:\/\/the-miami-club.de\/wp\/wp-content\/uploads\/2025\/01\/240420_12h_12__MG_3624-scaled.jpg 1707w\" sizes=\"(max-width: 683px) 100vw, 683px\" \/><figcaption class=\"wp-element-caption\"><mark style=\"background-color:rgba(0, 0, 0, 0)\" class=\"has-inline-color has-primary-color\">Chris<br><strong>Vocals<\/strong><\/mark><\/figcaption><\/figure>\n\n\n\n<figure class=\"wp-block-image size-large\"><img decoding=\"async\" width=\"683\" height=\"1024\" src=\"https:\/\/the-miami-club.de\/wp\/wp-content\/uploads\/2025\/01\/240420_11h_09__MG_3480-683x1024.jpg\" alt=\"\" class=\"wp-image-137\" srcset=\"https:\/\/the-miami-club.de\/wp\/wp-content\/uploads\/2025\/01\/240420_11h_09__MG_3480-683x1024.jpg 683w, https:\/\/the-miami-club.de\/wp\/wp-content\/uploads\/2025\/01\/240420_11h_09__MG_3480-200x300.jpg 200w, https:\/\/the-miami-club.de\/wp\/wp-content\/uploads\/2025\/01\/240420_11h_09__MG_3480-768x1152.jpg 768w, https:\/\/the-miami-club.de\/wp\/wp-content\/uploads\/2025\/01\/240420_11h_09__MG_3480-1024x1536.jpg 1024w, https:\/\/the-miami-club.de\/wp\/wp-content\/uploads\/2025\/01\/240420_11h_09__MG_3480-1365x2048.jpg 1365w, https:\/\/the-miami-club.de\/wp\/wp-content\/uploads\/2025\/01\/240420_11h_09__MG_3480-scaled.jpg 1707w\" sizes=\"(max-width: 683px) 100vw, 683px\" \/><figcaption class=\"wp-element-caption\"><mark style=\"background-color:rgba(0, 0, 0, 0)\" class=\"has-inline-color has-primary-color\">Axel<br><strong>Guitar<\/strong><\/mark><\/figcaption><\/figure>\n\n\n\n<figure class=\"wp-block-image size-large\"><img loading=\"lazy\" decoding=\"async\" width=\"679\" height=\"1024\" src=\"https:\/\/the-miami-club.de\/wp\/wp-content\/uploads\/2025\/01\/Bildschirmfoto-2025-01-08-um-11.32.54-679x1024.png\" alt=\"\" class=\"wp-image-142\" srcset=\"https:\/\/the-miami-club.de\/wp\/wp-content\/uploads\/2025\/01\/Bildschirmfoto-2025-01-08-um-11.32.54-679x1024.png 679w, https:\/\/the-miami-club.de\/wp\/wp-content\/uploads\/2025\/01\/Bildschirmfoto-2025-01-08-um-11.32.54-199x300.png 199w, https:\/\/the-miami-club.de\/wp\/wp-content\/uploads\/2025\/01\/Bildschirmfoto-2025-01-08-um-11.32.54-768x1157.png 768w, https:\/\/the-miami-club.de\/wp\/wp-content\/uploads\/2025\/01\/Bildschirmfoto-2025-01-08-um-11.32.54.png 982w\" sizes=\"(max-width: 679px) 100vw, 679px\" \/><figcaption class=\"wp-element-caption\"><mark style=\"background-color:rgba(0, 0, 0, 0)\" class=\"has-inline-color has-primary-color\">Tim<br><strong>Guitar<\/strong><\/mark><\/figcaption><\/figure>\n\n\n\n<figure class=\"wp-block-image size-large\"><img loading=\"lazy\" decoding=\"async\" width=\"683\" height=\"1024\" src=\"https:\/\/the-miami-club.de\/wp\/wp-content\/uploads\/2025\/02\/image1-683x1024.jpg\" alt=\"\" class=\"wp-image-199\" srcset=\"https:\/\/the-miami-club.de\/wp\/wp-content\/uploads\/2025\/02\/image1-683x1024.jpg 683w, https:\/\/the-miami-club.de\/wp\/wp-content\/uploads\/2025\/02\/image1-200x300.jpg 200w, https:\/\/the-miami-club.de\/wp\/wp-content\/uploads\/2025\/02\/image1-768x1152.jpg 768w, https:\/\/the-miami-club.de\/wp\/wp-content\/uploads\/2025\/02\/image1-1024x1536.jpg 1024w, https:\/\/the-miami-club.de\/wp\/wp-content\/uploads\/2025\/02\/image1-1365x2048.jpg 1365w, https:\/\/the-miami-club.de\/wp\/wp-content\/uploads\/2025\/02\/image1-scaled.jpg 1707w\" sizes=\"(max-width: 683px) 100vw, 683px\" \/><figcaption class=\"wp-element-caption\"><mark style=\"background-color:rgba(0, 0, 0, 0)\" class=\"has-inline-color has-primary-color\">Daniel<br><strong>Keys<\/strong><\/mark><\/figcaption><\/figure>\n\n\n\n<figure class=\"wp-block-image size-large\"><img loading=\"lazy\" decoding=\"async\" width=\"683\" height=\"1024\" src=\"https:\/\/the-miami-club.de\/wp\/wp-content\/uploads\/2025\/02\/image1-1-683x1024.jpg\" alt=\"\" class=\"wp-image-217\" srcset=\"https:\/\/the-miami-club.de\/wp\/wp-content\/uploads\/2025\/02\/image1-1-683x1024.jpg 683w, https:\/\/the-miami-club.de\/wp\/wp-content\/uploads\/2025\/02\/image1-1-200x300.jpg 200w, https:\/\/the-miami-club.de\/wp\/wp-content\/uploads\/2025\/02\/image1-1-768x1152.jpg 768w, https:\/\/the-miami-club.de\/wp\/wp-content\/uploads\/2025\/02\/image1-1-1024x1536.jpg 1024w, https:\/\/the-miami-club.de\/wp\/wp-content\/uploads\/2025\/02\/image1-1-1365x2048.jpg 1365w, https:\/\/the-miami-club.de\/wp\/wp-content\/uploads\/2025\/02\/image1-1.jpg 1707w\" sizes=\"(max-width: 683px) 100vw, 683px\" \/><figcaption class=\"wp-element-caption\"><mark style=\"background-color:rgba(0, 0, 0, 0)\" class=\"has-inline-color has-primary-color\">Stephan<br><strong>Bass<\/strong><\/mark><\/figcaption><\/figure>\n\n\n\n<figure class=\"wp-block-image size-large\"><img loading=\"lazy\" decoding=\"async\" width=\"683\" height=\"1024\" src=\"https:\/\/the-miami-club.de\/wp\/wp-content\/uploads\/2025\/01\/240420_12h_14__MG_3631-683x1024.jpg\" alt=\"\" class=\"wp-image-130\" srcset=\"https:\/\/the-miami-club.de\/wp\/wp-content\/uploads\/2025\/01\/240420_12h_14__MG_3631-683x1024.jpg 683w, https:\/\/the-miami-club.de\/wp\/wp-content\/uploads\/2025\/01\/240420_12h_14__MG_3631-200x300.jpg 200w, https:\/\/the-miami-club.de\/wp\/wp-content\/uploads\/2025\/01\/240420_12h_14__MG_3631-768x1152.jpg 768w, https:\/\/the-miami-club.de\/wp\/wp-content\/uploads\/2025\/01\/240420_12h_14__MG_3631-1024x1536.jpg 1024w, https:\/\/the-miami-club.de\/wp\/wp-content\/uploads\/2025\/01\/240420_12h_14__MG_3631-1365x2048.jpg 1365w, https:\/\/the-miami-club.de\/wp\/wp-content\/uploads\/2025\/01\/240420_12h_14__MG_3631-scaled.jpg 1707w\" sizes=\"(max-width: 683px) 100vw, 683px\" \/><figcaption class=\"wp-element-caption\"><mark style=\"background-color:rgba(0, 0, 0, 0)\" class=\"has-inline-color has-primary-color\">Annika<br><strong>Drums<\/strong><\/mark><\/figcaption><\/figure>\n<\/div>\n<\/div>\n<\/div>\n\n\n\n<div class=\"wp-block-group alignfull is-layout-flow wp-block-group-is-layout-flow\" style=\"margin-top:var(--wp--preset--spacing--20);margin-bottom:var(--wp--preset--spacing--20);padding-top:var(--wp--preset--spacing--30);padding-right:var(--wp--preset--spacing--50);padding-bottom:var(--wp--preset--spacing--30);padding-left:var(--wp--preset--spacing--50)\">\n<h2 class=\"wp-block-heading has-text-align-center has-dolce-vita-font-family\">bilder<\/h2>\n\n\n\n<div class=\"alignnormal\"><div id=\"metaslider-id-249\" style=\"width: 100%; margin: 0 auto;\" class=\"ml-slider-3-101-0 metaslider metaslider-flex metaslider-249 ml-slider has-carousel-mode ms-theme-bubble nav-hidden\" role=\"region\" aria-label=\"New Slideshow\" data-height=\"700\" data-width=\"700\">\n    <div id=\"metaslider_container_249\">\n        <div id=\"metaslider_249\">\n            <ul aria-live='polite' class='slides'>\n                <li style=\"display: none; width: 100%;\" class=\"slide-250 ms-image \" aria-roledescription=\"slide\" data-date=\"2025-10-10 11:47:55\"><img loading=\"lazy\" decoding=\"async\" src=\"https:\/\/the-miami-club.de\/wp\/wp-content\/uploads\/2025\/04\/IMG_2753-700x700.jpg\" height=\"700\" width=\"700\" alt=\"\" class=\"slider-249 slide-250 msDefaultImage\" \/><\/li>\n                <li style=\"display: none; width: 100%;\" class=\"slide-253 ms-image \" aria-roledescription=\"slide\" data-date=\"2025-10-10 11:47:55\"><img loading=\"lazy\" decoding=\"async\" src=\"https:\/\/the-miami-club.de\/wp\/wp-content\/uploads\/2025\/04\/IMG_2754-700x700.jpg\" height=\"700\" width=\"700\" alt=\"\" class=\"slider-249 slide-253 msDefaultImage\" \/><\/li>\n                <li style=\"display: none; width: 100%;\" class=\"slide-254 ms-image \" aria-roledescription=\"slide\" data-date=\"2025-10-10 11:47:55\"><img loading=\"lazy\" decoding=\"async\" src=\"https:\/\/the-miami-club.de\/wp\/wp-content\/uploads\/2025\/04\/IMG_2757-700x700.jpg\" height=\"700\" width=\"700\" alt=\"\" class=\"slider-249 slide-254 msDefaultImage\" \/><\/li>\n                <li style=\"display: none; width: 100%;\" class=\"slide-251 ms-image \" aria-roledescription=\"slide\" data-date=\"2025-10-10 11:47:55\"><img loading=\"lazy\" decoding=\"async\" src=\"https:\/\/the-miami-club.de\/wp\/wp-content\/uploads\/2025\/04\/IMG_2756-700x700.jpg\" height=\"700\" width=\"700\" alt=\"\" class=\"slider-249 slide-251 msDefaultImage\" \/><\/li>\n                <li style=\"display: none; width: 100%;\" class=\"slide-280 ms-image \" aria-roledescription=\"slide\" data-date=\"2025-10-14 21:40:55\"><img loading=\"lazy\" decoding=\"async\" src=\"https:\/\/the-miami-club.de\/wp\/wp-content\/uploads\/2025\/10\/Stefan_2-700x700.jpeg\" height=\"700\" width=\"700\" alt=\"\" class=\"slider-249 slide-280 msDefaultImage\" \/><\/li>\n                <li style=\"display: none; width: 100%;\" class=\"slide-255 ms-image \" aria-roledescription=\"slide\" data-date=\"2025-10-10 11:47:55\"><img loading=\"lazy\" decoding=\"async\" src=\"https:\/\/the-miami-club.de\/wp\/wp-content\/uploads\/2025\/04\/IMG_2761-700x700.jpg\" height=\"700\" width=\"700\" alt=\"\" class=\"slider-249 slide-255 msDefaultImage\" \/><\/li>\n                <li style=\"display: none; width: 100%;\" class=\"slide-257 ms-image \" aria-roledescription=\"slide\" data-date=\"2025-10-10 11:47:55\"><img loading=\"lazy\" decoding=\"async\" src=\"https:\/\/the-miami-club.de\/wp\/wp-content\/uploads\/2025\/04\/Live_Chris_2-700x700.jpg\" height=\"700\" width=\"700\" alt=\"\" class=\"slider-249 slide-257 msDefaultImage\" \/><\/li>\n                <li style=\"display: none; width: 100%;\" class=\"slide-258 ms-image \" aria-roledescription=\"slide\" data-date=\"2025-10-10 11:47:55\"><img loading=\"lazy\" decoding=\"async\" src=\"https:\/\/the-miami-club.de\/wp\/wp-content\/uploads\/2025\/04\/Live_Chris_Axle-700x700.jpg\" height=\"700\" width=\"700\" alt=\"\" class=\"slider-249 slide-258 msDefaultImage\" \/><\/li>\n                <li style=\"display: none; width: 100%;\" class=\"slide-281 ms-image \" aria-roledescription=\"slide\" data-date=\"2025-10-14 21:41:05\"><img loading=\"lazy\" decoding=\"async\" src=\"https:\/\/the-miami-club.de\/wp\/wp-content\/uploads\/2025\/10\/Stefan-Tim-700x700.jpeg\" height=\"700\" width=\"700\" alt=\"\" class=\"slider-249 slide-281 msDefaultImage\" \/><\/li>\n                <li style=\"display: none; width: 100%;\" class=\"slide-259 ms-image \" aria-roledescription=\"slide\" data-date=\"2025-10-10 11:47:55\"><img loading=\"lazy\" decoding=\"async\" src=\"https:\/\/the-miami-club.de\/wp\/wp-content\/uploads\/2025\/04\/IMG_2766-700x700.jpg\" height=\"700\" width=\"700\" alt=\"\" class=\"slider-249 slide-259 msDefaultImage\" \/><\/li>\n                <li style=\"display: none; width: 100%;\" class=\"slide-260 ms-image \" aria-roledescription=\"slide\" data-date=\"2025-10-10 11:47:55\"><img loading=\"lazy\" decoding=\"async\" src=\"https:\/\/the-miami-club.de\/wp\/wp-content\/uploads\/2025\/04\/IMG_2762-700x700.jpg\" height=\"700\" width=\"700\" alt=\"\" class=\"slider-249 slide-260 msDefaultImage\" \/><\/li>\n                <li style=\"display: none; width: 100%;\" class=\"slide-263 ms-image \" aria-roledescription=\"slide\" data-date=\"2025-10-10 11:47:55\"><img loading=\"lazy\" decoding=\"async\" src=\"https:\/\/the-miami-club.de\/wp\/wp-content\/uploads\/2025\/04\/Live_Chrowds_1-700x700.jpg\" height=\"700\" width=\"700\" alt=\"\" class=\"slider-249 slide-263 msDefaultImage\" \/><\/li>\n                <li style=\"display: none; width: 100%;\" class=\"slide-265 ms-image \" aria-roledescription=\"slide\" data-date=\"2025-10-10 11:47:55\"><img loading=\"lazy\" decoding=\"async\" src=\"https:\/\/the-miami-club.de\/wp\/wp-content\/uploads\/2025\/04\/Live_5-700x700.jpg\" height=\"700\" width=\"700\" alt=\"\" class=\"slider-249 slide-265 msDefaultImage\" \/><\/li>\n                <li style=\"display: none; width: 100%;\" class=\"slide-261 ms-image \" aria-roledescription=\"slide\" data-date=\"2025-10-10 11:47:55\"><img loading=\"lazy\" decoding=\"async\" src=\"https:\/\/the-miami-club.de\/wp\/wp-content\/uploads\/2025\/04\/IMG_2759-700x700.jpg\" height=\"700\" width=\"700\" alt=\"\" class=\"slider-249 slide-261 msDefaultImage\" \/><\/li>\n                <li style=\"display: none; width: 100%;\" class=\"slide-282 ms-image \" aria-roledescription=\"slide\" data-date=\"2025-10-14 21:41:13\"><img loading=\"lazy\" decoding=\"async\" src=\"https:\/\/the-miami-club.de\/wp\/wp-content\/uploads\/2025\/10\/Stefan-Axel-700x700.jpeg\" height=\"700\" width=\"700\" alt=\"\" class=\"slider-249 slide-282 msDefaultImage\" \/><\/li>\n                <li style=\"display: none; width: 100%;\" class=\"slide-262 ms-image \" aria-roledescription=\"slide\" data-date=\"2025-10-10 11:47:55\"><img loading=\"lazy\" decoding=\"async\" src=\"https:\/\/the-miami-club.de\/wp\/wp-content\/uploads\/2025\/04\/Live_Final_2-700x700.jpg\" height=\"700\" width=\"700\" alt=\"\" class=\"slider-249 slide-262 msDefaultImage\" \/><\/li>\n            <\/ul>\n        <\/div>\n        \n    <\/div>\n<\/div><\/div>\n<\/div>\n\n\n\n<h2 class=\"wp-block-heading has-text-align-center has-dolce-vita-font-family\"><br>Videos<\/h2>\n\n\n\n<div class=\"wp-block-group alignfull has-global-padding is-layout-constrained wp-block-group-is-layout-constrained has-background\" style=\"padding-top:var(--wp--preset--spacing--40);padding-bottom:var(--wp--preset--spacing--40);background-image:url(&apos;https:\/\/the-miami-club.de\/wp\/wp-content\/uploads\/2024\/12\/crowd-1056764_Deck_3-scaled.jpg&apos;);background-position:50% 25%;background-size:cover;\">\n<figure class=\"wp-block-embed is-type-video is-provider-youtube wp-block-embed-youtube wp-embed-aspect-16-9 wp-has-aspect-ratio\"><div class=\"wp-block-embed__wrapper\">\n<iframe title=\"The Miami Club - Jingle - &quot;The Look&quot; Rock Cover | Roxette\" width=\"500\" height=\"281\" src=\"https:\/\/www.youtube.com\/embed\/I3jxYL3M5Jo?feature=oembed\" frameborder=\"0\" allow=\"accelerometer; autoplay; clipboard-write; encrypted-media; gyroscope; picture-in-picture; web-share\" referrerpolicy=\"strict-origin-when-cross-origin\" allowfullscreen><\/iframe>\n<\/div><\/figure>\n\n\n\n<figure class=\"wp-block-embed is-type-video is-provider-youtube wp-block-embed-youtube wp-embed-aspect-16-9 wp-has-aspect-ratio\"><div class=\"wp-block-embed__wrapper\">\n<iframe title=\"The Miami Club - &quot;Small Town Boy&quot; Rock Cover | Bronski Beat\" width=\"500\" height=\"281\" src=\"https:\/\/www.youtube.com\/embed\/dOvECI4CXr0?feature=oembed\" frameborder=\"0\" allow=\"accelerometer; autoplay; clipboard-write; encrypted-media; gyroscope; picture-in-picture; web-share\" referrerpolicy=\"strict-origin-when-cross-origin\" allowfullscreen><\/iframe>\n<\/div><\/figure>\n\n\n\n<figure class=\"wp-block-embed is-type-video is-provider-youtube wp-block-embed-youtube wp-embed-aspect-16-9 wp-has-aspect-ratio\"><div class=\"wp-block-embed__wrapper\">\n<iframe title=\"The Miami Club - \u201eManiac\u201c Rock Cover | Michael Sembello\" width=\"500\" height=\"281\" src=\"https:\/\/www.youtube.com\/embed\/On3WFTVFgEk?feature=oembed\" frameborder=\"0\" allow=\"accelerometer; autoplay; clipboard-write; encrypted-media; gyroscope; picture-in-picture; web-share\" referrerpolicy=\"strict-origin-when-cross-origin\" allowfullscreen><\/iframe>\n<\/div><\/figure>\n<\/div>\n\n\n\n<div style=\"background-image:url(&apos;https:\/\/the-miami-club.de\/wp\/wp-content\/uploads\/2025\/12\/crowd-1056764_Deck_4.jpg&apos;);background-position:50% 35%;background-size:cover;\" class=\"wp-block-group alignfull has-global-padding is-layout-constrained wp-block-group-is-layout-constrained has-background\">\n<h2 class=\"wp-block-heading has-text-align-center has-dolce-vita-font-family\">Merch und Mehr findet ihr hier<\/h2>\n\n\n\n<div class=\"wp-block-buttons is-content-justification-center is-layout-flex wp-container-core-buttons-is-layout-a89b3969 wp-block-buttons-is-layout-flex\">\n<div class=\"wp-block-button is-style-fill\"><a class=\"wp-block-button__link has-background wp-element-button\" href=\"https:\/\/the-miami-club-fanshop.myspreadshop.de\" style=\"background-color:#ff00ea\" target=\"_blank\" rel=\"noreferrer noopener\">Fan-Shop<\/a><\/div>\n<\/div>\n<\/div>\n\n\n\n<p><\/p>\n","protected":false},"excerpt":{"rendered":"<p>Forever Young?Yes, please! Willkommen zu \u201eThe Miami Club\u201c Mal wieder Lust auf Neon, Schulterpolster und unvergessliche Ohrw\u00fcrmer?Unsere 80er Jahre Liveband bringt den ultimativen Flashback direkt auf Ihre B\u00fchne!Mit einem Repertoire aus den gr\u00f6\u00dften Hits von:Depeche Mode, A-Ha, Madonna, Alphaville, Cindy Lauper und vielen mehr sorgen wir f\u00fcr ein authentisches 80er-Feeling &#8211; komplett live, mit echten [&hellip;]<\/p>\n","protected":false},"author":1,"featured_media":0,"parent":0,"menu_order":0,"comment_status":"closed","ping_status":"closed","template":"","meta":{"footnotes":""},"class_list":["post-9","page","type-page","status-publish","hentry"],"_links":{"self":[{"href":"https:\/\/the-miami-club.de\/wp\/wp-json\/wp\/v2\/pages\/9","targetHints":{"allow":["GET"]}}],"collection":[{"href":"https:\/\/the-miami-club.de\/wp\/wp-json\/wp\/v2\/pages"}],"about":[{"href":"https:\/\/the-miami-club.de\/wp\/wp-json\/wp\/v2\/types\/page"}],"author":[{"embeddable":true,"href":"https:\/\/the-miami-club.de\/wp\/wp-json\/wp\/v2\/users\/1"}],"replies":[{"embeddable":true,"href":"https:\/\/the-miami-club.de\/wp\/wp-json\/wp\/v2\/comments?post=9"}],"version-history":[{"count":75,"href":"https:\/\/the-miami-club.de\/wp\/wp-json\/wp\/v2\/pages\/9\/revisions"}],"predecessor-version":[{"id":303,"href":"https:\/\/the-miami-club.de\/wp\/wp-json\/wp\/v2\/pages\/9\/revisions\/303"}],"wp:attachment":[{"href":"https:\/\/the-miami-club.de\/wp\/wp-json\/wp\/v2\/media?parent=9"}],"curies":[{"name":"wp","href":"https:\/\/api.w.org\/{rel}","templated":true}]}}